{"id":14,"date":"2016-01-12T12:57:03","date_gmt":"2016-01-12T11:57:03","guid":{"rendered":"http:\/\/vt-nrw.de\/wordpress\/?page_id=14"},"modified":"2022-06-29T07:56:19","modified_gmt":"2022-06-29T06:56:19","slug":"impressum","status":"publish","type":"page","link":"http:\/\/vt-nrw.de\/wordpress\/impressum\/","title":{"rendered":"Impressum"},"content":{"rendered":"<p><strong>Herausgeber<\/strong><\/p>\n<p>Veranstaltungstechnik NRW<br \/>\nInh. David Niemand<br \/>\nIm Brauk 32<br \/>\n59759 Arnsberg.<\/p>\n<p>Gerichtsstand ist Arnsberg.<\/p>\n<p>Steuer-Nr.: 303\/5081\/1527<\/p>\n<p>Ust.-IdNr.: DE257980918<\/p>\n<p>Redaktion<\/p>\n<p>Inhaltlich verantwortlich gem. \u00a7 6 MDStV: David Niemand<\/p>\n<p><strong>Copyright<\/strong><\/p>\n<p>\u00a9 2022 Veranstaltungstechnik NRW, alle Rechte vorbehalten. Die Texte, Bilder und Grafiken dieser Website unterliegen dem Schutz des Urheberrechts und anderer Schutzgesetze. Der Inhalt dieser Website darf nicht ohne unsere vorherige Genehmigung kopiert, verbreitet, ver\u00e4ndert oder Dritten zug\u00e4nglich gemacht werden. Einige unserer Websites enthalten Bilder und Logos, die dem Copyright Dritter unterliegen. Sofern von unserer Homepage auf andere Internetseiten verwiesen wird (Links), liegt die Verantwortung f\u00fcr die technische Verf\u00fcgbarkeit sowie den Inhalt der Seiten bei den Herausgebern dieser Seiten.<\/p>\n<p><strong>Datenschutzerkl\u00e4rung<br \/>\n<\/strong><br \/>\n<strong>Anonyme Datenerhebung<\/strong><br \/>\nSie k\u00f6nnen die Webseiten der Veranstaltungstechnik NRW grunds\u00e4tzlich besuchen, ohne uns mitzuteilen, wer Sie sind. Wir erfahren nur den Namen Ihres Internet Service Providers, die Webseite, von der aus Sie uns besuchen, und die Webseiten, die Sie bei uns besuchen. Diese Informationen werden zu statistischen Zwecken ausgewertet. Sie bleiben als einzelner Nutzer hierbei anonym.<\/p>\n<p><strong>Erhebung und Verarbeitung personenbezogener Daten<\/strong><br \/>\nBei der Nutzung unserer Dienste werden Sie teilweise &#8211; vor allem bei Bestellung &#8211; um die Angabe pers\u00f6nlicher Informationen gebeten. Die Beantwortung dieser Fragen ist freiwillig. Wir versichern, dass Ihre pers\u00f6nlichen Daten entsprechend den deutschen Datenschutzbestimmungen gespeichert und verarbeitet werden.<\/p>\n<p>Die auf der Homepage der Veranstaltungstechnik NRW erhobenen personenbezogenen Daten werden zum Zweck der Vertragsabwicklung und der Bearbeitung von Anfragen genutzt.<\/p>\n<p>Eine Speicherung, Verarbeitung und Nutzung Ihrer Daten f\u00fcr Zwecke der Marktforschung und Reklame erfolgt nur mit Ihrer ausdr\u00fccklichen Zustimmung.<\/p>\n<p><strong>Export und Verarbeitung der Daten in Staaten au\u00dferhalb des Europ\u00e4ischen Wirtschaftsraumes<\/strong><br \/>\nEs findet kein Export der Daten in Staaten au\u00dferhalb des EWR statt.<\/p>\n<p><strong>Nutzung und Weitergabe personenbezogener Daten<\/strong><br \/>\nDie im Rahmen der Webseiten der Veranstaltungstechnik NRW erhobenen personenbezogenen Daten werden ohne Ihre Einwilligung nur zur Vertragsabwicklung und Bearbeitung Ihrer Anfragen genutzt. Dar\u00fcber hinaus erfolgt eine Nutzung Ihrer Daten f\u00fcr Zwecke der Werbung und Marktforschung sowie zur bedarfsgerechten Gestaltung der elektronischen Dienste der Veranstaltungstechnik NRW nur, wenn Sie hierzu zuvor Ihre Einwilligung erteilt haben. Die Nutzung Ihrer Daten f\u00fcr pers\u00f6nlich auf Sie zugeschnittene Werbung erfolgt ebenfalls nur im Falle Ihrer Einwilligung. Im \u00dcbrigen findet keine Weitergabe an sonstige Dritte statt. Ihre jeweilige Einwilligung k\u00f6nnen Sie selbstverst\u00e4ndlich jederzeit mit Wirkung f\u00fcr die Zukunft widerrufen<\/p>\n<p><strong>Externe Links<\/strong><br \/>\nZu Ihrer optimalen Information finden Sie auf unseren Seiten Links, die auf Seiten Dritter verweisen. Soweit dies nicht offensichtlich erkennbar ist, weisen wir Sie darauf hin, dass es sich um einen externen Link handelt. Die Veranstaltungstechnik NRW hat keinerlei Einfluss auf den Inhalt und die Gestaltung dieser Seiten anderer Anbieter. Die Garantien dieser Datenschutzerkl\u00e4rung gelten daher selbstverst\u00e4ndlich dort nicht.<\/p>\n<p><strong>Nutzung von Google Analytics<\/strong><\/p>\n<p>Diese Website benutzt Google Analytics, einen Webanalysedienst der Google Inc. (\u201eGoogle\u201c). Google Analytics verwendet sogenannte \u201eCookies\u201c, Textdateien, die auf Ihrem Computer gespeichert werden und die eine Analyse der Benutzung der Website durch Sie erm\u00f6glichen. Die durch den Cookie erzeugten Informationen \u00fcber Ihre Benutzung dieser Website werden in der Regel an einen Server von Google in den USA \u00fcbertragen und dort gespeichert.<\/p>\n<p>Im Falle der Aktivierung der IP-Anonymisierung auf dieser Website, wird Ihre IP-Adresse von Google jedoch innerhalb von Mitgliedstaaten der Europ\u00e4ischen Union oder in anderen Vertragsstaaten des Abkommens \u00fcber den Europ\u00e4ischen Wirtschaftsraum zuvor gek\u00fcrzt. Nur in Ausnahmef\u00e4llen wird die volle IP-Adresse an einen Server von Google in den USA \u00fcbertragen und dort gek\u00fcrzt. Im Auftrag des Betreibers dieser Website wird Google diese Informationen benutzen, um Ihre Nutzung der Website auszuwerten, um Reports \u00fcber die Websiteaktivit\u00e4ten zusammenzustellen und um weitere mit der Websitenutzung und der Internetnutzung verbundene Dienstleistungen gegen\u00fcber dem Websitebetreiber zu erbringen.<\/p>\n<p>Die im Rahmen von Google Analytics von Ihrem Browser \u00fcbermittelte IP-Adresse wird nicht mit anderen Daten von Google zusammengef\u00fchrt. Sie k\u00f6nnen die Speicherung der Cookies durch eine entsprechende Einstellung Ihrer Browser-Software verhindern; wir weisen Sie jedoch darauf hin, dass Sie in diesem Fall gegebenenfalls nicht s\u00e4mtliche Funktionen dieser Website vollumf\u00e4nglich werden nutzen k\u00f6nnen. Sie k\u00f6nnen dar\u00fcber hinaus die Erfassung der durch das Cookie erzeugten und auf Ihre Nutzung der Website bezogenen Daten (inkl. Ihrer IP-Adresse) an Google sowie die Verarbeitung dieser Daten durch Google verhindern, indem Sie das unter dem folgenden Link verf\u00fcgbare Browser-Plugin herunterladen und installieren. Der aktuelle Link ist<br \/>\n<a href=\"http:\/\/tools.google.com\/dlpage\/gaoptout?hl=de\">http:\/\/tools.google.com\/dlpage\/gaoptout?hl=de<\/a><\/p>\n<p><strong>Verwendung von Facebook Social Plugins<\/strong><\/p>\n<p>Unser Internetauftritt verwendet Social Plugins (\u201ePlugins\u201c) des sozialen Netzwerkes facebook.com, welches von der Facebook Inc., 1601 S. California Ave, Palo Alto, CA 94304, USA betrieben wird (\u201eFacebook\u201c). Die Plugins sind mit einem Facebook Logo oder dem Zusatz \u201eFacebook Social Plugin\u201c gekennzeichnet.<\/p>\n<p>Wenn Sie eine Website unseres Internetauftritts aufrufen, die ein solches Plugin enth\u00e4lt, baut Ihr Browser eine direkte Verbindung mit den Servern von Facebook auf. Der Inhalt des Plugins wird von Facebook direkt an Ihren Browser \u00fcbermittelt und von diesem in die Website eingebunden.<\/p>\n<p>Durch die Einbindung der Plugins erh\u00e4lt Facebook die Information, dass Sie die entsprechende Seite unseres Internetauftritts aufgerufen haben. Sind Sie bei Facebook eingeloggt kann Facebook den Besuch Ihrem Facebook-Konto zuordnen. Wenn Sie mit dem Plugin interagieren, zum Beispiel den \u201eGef\u00e4llt mir\u201c Button bet\u00e4tigen oder einen Kommentar abgeben, wird die entsprechende Information von Ihrem Browser direkt an Facebook \u00fcbermittelt und dort gespeichert. Zweck und Umfang der Datenerhebung und die weitere Verarbeitung und Nutzung der Daten durch Facebook sowie Ihre diesbez\u00fcglichen Rechte und Einstellungsm\u00f6glichkeiten zum Schutz Ihrer Privatsph\u00e4re entnehmen Sie bitte den Datenschutzhinweisen von Facebook.<\/p>\n<p>Wenn Sie nicht m\u00f6chten, dass Facebook \u00fcber unseren Internetauftritt Daten \u00fcber Sie sammelt, m\u00fcssen Sie sich vor Ihrem Besuch unseres Internetauftritts bei Facebook ausloggen.<\/p>\n","protected":false},"excerpt":{"rendered":"<p>Herausgeber Veranstaltungstechnik NRW Inh. David Niemand Im Brauk 32 59759 Arnsberg. Gerichtsstand ist Arnsberg. Steuer-Nr.: 303\/5081\/1527 Ust.-IdNr.: DE257980918 Redaktion Inhaltlich verantwortlich gem. \u00a7 6 MDStV: David Niemand Copyright \u00a9 2022 Veranstaltungstechnik NRW, alle Rechte vorbehalten. Die Texte, Bilder und Grafiken dieser Website unterliegen dem Schutz des Urheberrechts und anderer Schutzgesetze. Der Inhalt dieser Website darf [&hellip;]<\/p>\n","protected":false},"author":1,"featured_media":0,"parent":0,"menu_order":5,"comment_status":"closed","ping_status":"closed","template":"","meta":[],"_links":{"self":[{"href":"http:\/\/vt-nrw.de\/wordpress\/wp-json\/wp\/v2\/pages\/14"}],"collection":[{"href":"http:\/\/vt-nrw.de\/wordpress\/wp-json\/wp\/v2\/pages"}],"about":[{"href":"http:\/\/vt-nrw.de\/wordpress\/wp-json\/wp\/v2\/types\/page"}],"author":[{"embeddable":true,"href":"http:\/\/vt-nrw.de\/wordpress\/wp-json\/wp\/v2\/users\/1"}],"replies":[{"embeddable":true,"href":"http:\/\/vt-nrw.de\/wordpress\/wp-json\/wp\/v2\/comments?post=14"}],"version-history":[{"count":5,"href":"http:\/\/vt-nrw.de\/wordpress\/wp-json\/wp\/v2\/pages\/14\/revisions"}],"predecessor-version":[{"id":190,"href":"http:\/\/vt-nrw.de\/wordpress\/wp-json\/wp\/v2\/pages\/14\/revisions\/190"}],"wp:attachment":[{"href":"http:\/\/vt-nrw.de\/wordpress\/wp-json\/wp\/v2\/media?parent=14"}],"curies":[{"name":"wp","href":"https:\/\/api.w.org\/{rel}","templated":true}]}}