{"id":60,"date":"2016-01-14T13:44:06","date_gmt":"2016-01-14T12:44:06","guid":{"rendered":"http:\/\/vt-nrw.de\/wordpress\/?page_id=60"},"modified":"2020-12-23T12:44:08","modified_gmt":"2020-12-23T11:44:08","slug":"veranstaltungstechnik","status":"publish","type":"page","link":"http:\/\/vt-nrw.de\/wordpress\/service\/veranstaltungstechnik\/","title":{"rendered":"Veranstaltungstechnik"},"content":{"rendered":"<p style=\"text-align: center;\"><strong>Wir sind Ihr Ansprechpartner f\u00fcr:<\/strong><\/p>\n<ul>\n<li style=\"text-align: center;\">Beschallungen<\/li>\n<li style=\"text-align: center;\">Beleuchtungen<\/li>\n<li style=\"text-align: center;\">B\u00fchnenbau<\/li>\n<li style=\"text-align: center;\">Messebau<\/li>\n<li style=\"text-align: center;\">Videotechnik (Videostreaming)<\/li>\n<li style=\"text-align: center;\">Konferenztechnik<\/li>\n<\/ul>\n<p style=\"text-align: center;\"><strong>Unsere Dienstleistungen f<\/strong><strong>\u00fcr Sie:<\/strong><\/p>\n<p style=\"text-align: center;\">\n<ul>\n<li style=\"text-align: center;\">Konzeptionierung<\/li>\n<li style=\"text-align: center;\">Vor-Ort-Service<\/li>\n<li style=\"text-align: center;\">Auswahl des Equipments<\/li>\n<li style=\"text-align: center;\">Auf- und Abbau ihrer Veranstaltung<\/li>\n<li style=\"text-align: center;\">Betreuung durch unser Personal<\/li>\n<li style=\"text-align: center;\">Erfahrene Ton- und Licht und Videotechniker<\/li>\n<\/ul>\n<p style=\"padding-left: 240px;\">\u00a0<strong><img decoding=\"async\" loading=\"lazy\" class=\" wp-image-31 alignleft\" src=\"http:\/\/vt-nrw.de\/wordpress\/wp-content\/uploads\/2016\/01\/cropped-WP_20151224_12_19_52_Pro-300x59.jpg\" alt=\"cropped-WP_20151224_12_19_52_Pro.jpg\" width=\"346\" height=\"68\" srcset=\"http:\/\/vt-nrw.de\/wordpress\/wp-content\/uploads\/2016\/01\/cropped-WP_20151224_12_19_52_Pro-300x59.jpg 300w, http:\/\/vt-nrw.de\/wordpress\/wp-content\/uploads\/2016\/01\/cropped-WP_20151224_12_19_52_Pro-768x151.jpg 768w, http:\/\/vt-nrw.de\/wordpress\/wp-content\/uploads\/2016\/01\/cropped-WP_20151224_12_19_52_Pro-1024x201.jpg 1024w, http:\/\/vt-nrw.de\/wordpress\/wp-content\/uploads\/2016\/01\/cropped-WP_20151224_12_19_52_Pro-600x118.jpg 600w, http:\/\/vt-nrw.de\/wordpress\/wp-content\/uploads\/2016\/01\/cropped-WP_20151224_12_19_52_Pro.jpg 1632w\" sizes=\"(max-width: 346px) 100vw, 346px\" \/><\/strong><\/p>\n","protected":false},"excerpt":{"rendered":"<p>Wir sind Ihr Ansprechpartner f\u00fcr: Beschallungen Beleuchtungen B\u00fchnenbau Messebau Videotechnik (Videostreaming) Konferenztechnik Unsere Dienstleistungen f\u00fcr Sie: Konzeptionierung Vor-Ort-Service Auswahl des Equipments Auf- und Abbau ihrer Veranstaltung Betreuung durch unser Personal Erfahrene Ton- und Licht und Videotechniker \u00a0<\/p>\n","protected":false},"author":1,"featured_media":0,"parent":19,"menu_order":0,"comment_status":"closed","ping_status":"closed","template":"","meta":[],"_links":{"self":[{"href":"http:\/\/vt-nrw.de\/wordpress\/wp-json\/wp\/v2\/pages\/60"}],"collection":[{"href":"http:\/\/vt-nrw.de\/wordpress\/wp-json\/wp\/v2\/pages"}],"about":[{"href":"http:\/\/vt-nrw.de\/wordpress\/wp-json\/wp\/v2\/types\/page"}],"author":[{"embeddable":true,"href":"http:\/\/vt-nrw.de\/wordpress\/wp-json\/wp\/v2\/users\/1"}],"replies":[{"embeddable":true,"href":"http:\/\/vt-nrw.de\/wordpress\/wp-json\/wp\/v2\/comments?post=60"}],"version-history":[{"count":10,"href":"http:\/\/vt-nrw.de\/wordpress\/wp-json\/wp\/v2\/pages\/60\/revisions"}],"predecessor-version":[{"id":181,"href":"http:\/\/vt-nrw.de\/wordpress\/wp-json\/wp\/v2\/pages\/60\/revisions\/181"}],"up":[{"embeddable":true,"href":"http:\/\/vt-nrw.de\/wordpress\/wp-json\/wp\/v2\/pages\/19"}],"wp:attachment":[{"href":"http:\/\/vt-nrw.de\/wordpress\/wp-json\/wp\/v2\/media?parent=60"}],"curies":[{"name":"wp","href":"https:\/\/api.w.org\/{rel}","templated":true}]}}