{"id":62,"date":"2016-01-14T13:45:43","date_gmt":"2016-01-14T12:45:43","guid":{"rendered":"http:\/\/vt-nrw.de\/wordpress\/?page_id=62"},"modified":"2016-01-19T10:44:48","modified_gmt":"2016-01-19T09:44:48","slug":"dj-service","status":"publish","type":"page","link":"http:\/\/vt-nrw.de\/wordpress\/service\/dj-service\/","title":{"rendered":"DJ-Service"},"content":{"rendered":"<p style=\"text-align: center;\">Wir bieten Ihnen f\u00fcr jedes Event den passenden DJ.<\/p>\n<p style=\"text-align: center;\">Wir arbeiten ausschlie\u00dflich mit professionellen DJs,<\/p>\n<p style=\"text-align: center;\">die f\u00fcr ein Gelingen Ihrer Veranstaltung sorgen werden.<\/p>\n<p style=\"text-align: center;\">\u00dcberlassen Sie Ihr Event nicht dem Zufall, sondern<\/p>\n<p style=\"text-align: center;\">sprechen Sie uns an, um einen professionellen und<\/p>\n<p style=\"text-align: center;\">zuverl\u00e4ssigen Partner zu gewinnen<\/p>\n<p style=\"text-align: center;\">\n<p style=\"text-align: center;\"><img decoding=\"async\" loading=\"lazy\" class=\"size-medium wp-image-78 aligncenter\" src=\"http:\/\/vt-nrw.de\/wordpress\/wp-content\/uploads\/2016\/01\/Slider3-300x116.jpg\" alt=\"Slider3\" width=\"300\" height=\"116\" srcset=\"http:\/\/vt-nrw.de\/wordpress\/wp-content\/uploads\/2016\/01\/Slider3-300x116.jpg 300w, http:\/\/vt-nrw.de\/wordpress\/wp-content\/uploads\/2016\/01\/Slider3-768x297.jpg 768w, http:\/\/vt-nrw.de\/wordpress\/wp-content\/uploads\/2016\/01\/Slider3-1024x396.jpg 1024w, http:\/\/vt-nrw.de\/wordpress\/wp-content\/uploads\/2016\/01\/Slider3.jpg 1400w\" sizes=\"(max-width: 300px) 100vw, 300px\" \/>.<\/p>\n","protected":false},"excerpt":{"rendered":"<p>Wir bieten Ihnen f\u00fcr jedes Event den passenden DJ. Wir arbeiten ausschlie\u00dflich mit professionellen DJs, die f\u00fcr ein Gelingen Ihrer Veranstaltung sorgen werden. \u00dcberlassen Sie Ihr Event nicht dem Zufall, sondern sprechen Sie uns an, um einen professionellen und zuverl\u00e4ssigen Partner zu gewinnen .<\/p>\n","protected":false},"author":1,"featured_media":0,"parent":19,"menu_order":0,"comment_status":"closed","ping_status":"closed","template":"","meta":[],"_links":{"self":[{"href":"http:\/\/vt-nrw.de\/wordpress\/wp-json\/wp\/v2\/pages\/62"}],"collection":[{"href":"http:\/\/vt-nrw.de\/wordpress\/wp-json\/wp\/v2\/pages"}],"about":[{"href":"http:\/\/vt-nrw.de\/wordpress\/wp-json\/wp\/v2\/types\/page"}],"author":[{"embeddable":true,"href":"http:\/\/vt-nrw.de\/wordpress\/wp-json\/wp\/v2\/users\/1"}],"replies":[{"embeddable":true,"href":"http:\/\/vt-nrw.de\/wordpress\/wp-json\/wp\/v2\/comments?post=62"}],"version-history":[{"count":5,"href":"http:\/\/vt-nrw.de\/wordpress\/wp-json\/wp\/v2\/pages\/62\/revisions"}],"predecessor-version":[{"id":120,"href":"http:\/\/vt-nrw.de\/wordpress\/wp-json\/wp\/v2\/pages\/62\/revisions\/120"}],"up":[{"embeddable":true,"href":"http:\/\/vt-nrw.de\/wordpress\/wp-json\/wp\/v2\/pages\/19"}],"wp:attachment":[{"href":"http:\/\/vt-nrw.de\/wordpress\/wp-json\/wp\/v2\/media?parent=62"}],"curies":[{"name":"wp","href":"https:\/\/api.w.org\/{rel}","templated":true}]}}