{"id":85,"date":"2016-01-15T09:01:17","date_gmt":"2016-01-15T08:01:17","guid":{"rendered":"http:\/\/vt-nrw.de\/wordpress\/?page_id=85"},"modified":"2023-01-10T10:22:15","modified_gmt":"2023-01-10T09:22:15","slug":"geschichte","status":"publish","type":"page","link":"http:\/\/vt-nrw.de\/wordpress\/wir-ueber-uns\/geschichte\/","title":{"rendered":"Geschichte"},"content":{"rendered":"<p style=\"padding-left: 30px;\">Als Full-Service Dienstleister f\u00fcr die Event- und Veranstaltungsbranche entwickeln wir uns kontinuierlich weiter. Und das seit \u00fcber 15 Jahren.<\/p>\n<p>Seit der Unternehmensgr\u00fcndung im Jahr 2005 sind wir zu einem der gr\u00f6\u00dften Veranstaltungsfirmen der Region gewachsen und betreuen gro\u00dfe und kleine Veranstaltungen in ganz Deutschland.<\/p>\n<p>Begonnen als DJ-Service haben wir uns schnell zum komplett Dienstleister f\u00fcr Veranstaltungen entwickelt.<\/p>\n<p>Beleuchtung, Beschallung, Videotechnik, B\u00fchnentechnik und Infrastruktur (Strom, Wasser, Absperrtechnik) bilden die Kernkompetenzen unseres Unternehmens.<\/p>\n","protected":false},"excerpt":{"rendered":"<p>Als Full-Service Dienstleister f\u00fcr die Event- und Veranstaltungsbranche entwickeln wir uns kontinuierlich weiter. Und das seit \u00fcber 15 Jahren. Seit der Unternehmensgr\u00fcndung im Jahr 2005 sind wir zu einem der gr\u00f6\u00dften Veranstaltungsfirmen der Region gewachsen und betreuen gro\u00dfe und kleine Veranstaltungen in ganz Deutschland. Begonnen als DJ-Service haben wir uns schnell zum komplett Dienstleister f\u00fcr [&hellip;]<\/p>\n","protected":false},"author":1,"featured_media":0,"parent":17,"menu_order":0,"comment_status":"closed","ping_status":"closed","template":"","meta":[],"_links":{"self":[{"href":"http:\/\/vt-nrw.de\/wordpress\/wp-json\/wp\/v2\/pages\/85"}],"collection":[{"href":"http:\/\/vt-nrw.de\/wordpress\/wp-json\/wp\/v2\/pages"}],"about":[{"href":"http:\/\/vt-nrw.de\/wordpress\/wp-json\/wp\/v2\/types\/page"}],"author":[{"embeddable":true,"href":"http:\/\/vt-nrw.de\/wordpress\/wp-json\/wp\/v2\/users\/1"}],"replies":[{"embeddable":true,"href":"http:\/\/vt-nrw.de\/wordpress\/wp-json\/wp\/v2\/comments?post=85"}],"version-history":[{"count":5,"href":"http:\/\/vt-nrw.de\/wordpress\/wp-json\/wp\/v2\/pages\/85\/revisions"}],"predecessor-version":[{"id":197,"href":"http:\/\/vt-nrw.de\/wordpress\/wp-json\/wp\/v2\/pages\/85\/revisions\/197"}],"up":[{"embeddable":true,"href":"http:\/\/vt-nrw.de\/wordpress\/wp-json\/wp\/v2\/pages\/17"}],"wp:attachment":[{"href":"http:\/\/vt-nrw.de\/wordpress\/wp-json\/wp\/v2\/media?parent=85"}],"curies":[{"name":"wp","href":"https:\/\/api.w.org\/{rel}","templated":true}]}}